{"id":3948,"date":"2025-03-07T13:32:37","date_gmt":"2025-03-07T18:32:37","guid":{"rendered":"https:\/\/dev.taqauto.com\/?page_id=3948"},"modified":"2026-03-18T10:25:41","modified_gmt":"2026-03-18T14:25:41","slug":"accueil","status":"publish","type":"page","link":"https:\/\/dev.taqauto.com\/fr\/","title":{"rendered":"Accueil"},"content":{"rendered":"\n\n\t<p>Fili\u00e8re Digitale est une fonctionnalit\u00e9 de portail de cr\u00e9dit novatrice con\u00e7ue pour \u00e9liminer les d\u00e9ficiences courantes que l&rsquo;on retrouve dans le financement, acc\u00e9l\u00e9rer les paiements et simplifier la totalit\u00e9 de l&rsquo;exp\u00e9rience de financement. Avec une plateforme mobile conviviale pour un t\u00e9l\u00e9chargement facile des documents, elle exploite la capacit\u00e9 de signature \u00e9lectronique, \u00e9limine le besoin d&rsquo;imprimer et vous fait \u00e9conomiser temps et argent.<\/p>\n\t\t<meta itemprop=\"url\" content=\"https:\/\/d3mdgz78ty7fao.cloudfront.net\/taqauto-com\/wp-content\/uploads\/2025\/07\/05034159\/JC-DDJ-Credit-Portal-Promise-Long-FRENCH.mp4\" \/><div style=\"width: 640px;\" class=\"wp-video\"><video class=\"wp-video-shortcode\" id=\"video-3948-1\" width=\"640\" height=\"360\" poster=\"https:\/\/d3mdgz78ty7fao.cloudfront.net\/taqauto-com\/wp-content\/uploads\/2025\/01\/05231535\/DDJ-thumb-image.jpg\" preload=\"none\" controls=\"controls\"><source type=\"video\/mp4\" src=\"https:\/\/d3mdgz78ty7fao.cloudfront.net\/taqauto-com\/wp-content\/uploads\/2025\/07\/05034159\/JC-DDJ-Credit-Portal-Promise-Long-FRENCH.mp4?_=1\" \/><source type=\"video\/mp4\" src=\"https:\/\/d3mdgz78ty7fao.cloudfront.net\/taqauto-com\/wp-content\/uploads\/2025\/07\/05034159\/JC-DDJ-Credit-Portal-Promise-Long-FRENCH.mp4?_=1\" \/><a href=\"https:\/\/d3mdgz78ty7fao.cloudfront.net\/taqauto-com\/wp-content\/uploads\/2025\/07\/05034159\/JC-DDJ-Credit-Portal-Promise-Long-FRENCH.mp4\">https:\/\/d3mdgz78ty7fao.cloudfront.net\/taqauto-com\/wp-content\/uploads\/2025\/07\/05034159\/JC-DDJ-Credit-Portal-Promise-Long-FRENCH.mp4<\/a><\/video><\/div>\t\n\t<h1>Notre solution connect\u00e9e<\/h1>\n\t<p>Notre suite de solutions num\u00e9riques lie tous les points de contact du parcours de financement automobile, cr\u00e9ant une exp\u00e9rience sans tracas et simplifi\u00e9e qui offre commodit\u00e9, efficacit\u00e9 et facilit\u00e9 pour tous les utilisateurs. L&rsquo;agilit\u00e9 de nos plateformes nous fournit des occasions de livrer des solutions personnalisables \u00e0 nos partenaires selon leurs objectifs strat\u00e9giques et de marque.<\/p>\n<h1  data-animation-delay=\"0\" data-animation-duration=\"1\">\n\t\t\tPortail de cr\u00e9dit &#8211; Le c\u0153ur de notre solution\t<\/h1>\n\t<p>Notre portail de cr\u00e9dit \u00e0 la fine pointe simplifie le processus de cr\u00e9dit.<\/p>\nCon\u00e7u avec une fonctionnalit\u00e9 robuste, il procure une exp\u00e9rience connect\u00e9e que l&rsquo;on ne retrouve sur aucun autre<br \/>\nportail de cr\u00e9dit sur le march\u00e9.\n<figure itemscope itemtype=\"https:\/\/schema.org\/ImageObject\">\n\t\t\t\t<img decoding=\"async\" src=\"https:\/\/dev.taqauto.com\/wp-content\/uploads\/2024\/12\/icon_credit-link-3.png\" alt=\"icon_credit-link\" height=\"150\" width=\"150\" title=\"icon_credit-link\" onerror=\"this.style.display='none'\" loading=\"lazy\" \/>\n\t<\/figure>\n\t<p>Envoyez un lien \u00e0 votre client pour qu&rsquo;il acc\u00e8de \u00e0 sa demande de cr\u00e9dit en ligne et qu&rsquo;il la remplisse; se t\u00e9l\u00e9verse directement dans le portail de cr\u00e9dit<\/p>\n<figure itemscope itemtype=\"https:\/\/schema.org\/ImageObject\">\n\t\t\t\t<img decoding=\"async\" src=\"https:\/\/dev.taqauto.com\/wp-content\/uploads\/2024\/12\/icon-copy-deal.png\" alt=\"icon-copy-deal\" height=\"150\" width=\"150\" title=\"icon-copy-deal\" onerror=\"this.style.display='none'\" loading=\"lazy\" \/>\n\t<\/figure>\n\t<p>Transf\u00e9rez les renseignements rapidement et efficacement entre les pr\u00eateurs<\/p>\n<figure itemscope itemtype=\"https:\/\/schema.org\/ImageObject\">\n\t\t\t\t<img decoding=\"async\" src=\"https:\/\/dev.taqauto.com\/wp-content\/uploads\/2024\/12\/icon-Co-App-Link.png\" alt=\"icon-Co-App-Link\" height=\"150\" width=\"150\" title=\"icon-Co-App-Link\" onerror=\"this.style.display='none'\" loading=\"lazy\" \/>\n\t<\/figure>\n\t<p>Envoyez un lien \u00e0 un condemandeur du client pour faciliter une demande en ligne<\/p>\n\t<h1>Plateforme de gestion des clients potentiels et des portefeuilles<\/h1>\n\t<p>Nos plateformes de gestion des clients potentiels et de portefeuilles se connectent facilement avec notre portail de cr\u00e9dit pour offrir une exp\u00e9rience sans pr\u00e9c\u00e9dent.<\/p>\n<h2>\n\t\t\tPlateforme de gestion des clients potentiels\t<\/h2>\n\t<ul>\n<li>Capitalisez sur toutes les opportunit\u00e9s en cr\u00e9ant des pistes de vente \u00e0 partir de canaux en ligne, visites en personne et contacts t\u00e9l\u00e9phoniques<\/li>\n<li>Personnalisez vos canaux de distribution de clients potentiels pour qu&rsquo;ils conviennent au mieux \u00e0 Votre processus de vente<\/li>\n<li>Soyez disponible 24\/7 avec l&rsquo;application mobile LM<\/li>\n<li>Planifiez des rendez-vous, des essais routiers et des t\u00e2ches de suivi<\/li>\n<li>Laissez une impression positive avec des mod\u00e8les qui ont fi\u00e8re alluresur n&rsquo;importe quel appareil<\/li>\n<li>G\u00e9rez votre historique de clients potentiels avec le suivi des points de contact etl&rsquo;estampillage temporel<\/li>\n<li>Faites passer un client potentiel \u00e0 votre plateforme de cr\u00e9dit en un seul clic<\/li>\n<li>Faites le suivi des performances de votre \u00e9quipe avec les d\u00e9clencheurs d&rsquo;activit\u00e9 commerciale d&rsquo;indicateur cl\u00e9 de performance<\/li>\n<\/ul>\n<figure itemscope itemtype=\"https:\/\/schema.org\/ImageObject\">\n\t\t\t\t<img decoding=\"async\" src=\"https:\/\/d3mdgz78ty7fao.cloudfront.net\/taqauto-com\/wp-content\/uploads\/2025\/01\/05150614\/LMT-mobile-fRE.png\" alt=\"LMT-mobile-fRE\" title=\"LMT-mobile-fRE\" onerror=\"this.style.display='none'\" loading=\"lazy\" \/>\n\t<\/figure>\n<figure itemscope itemtype=\"https:\/\/schema.org\/ImageObject\">\n\t\t\t\t<img decoding=\"async\" src=\"https:\/\/dev.taqauto.com\/wp-content\/uploads\/2025\/01\/Portfolio-FRE.png\" alt=\"Portfolio-FRE\" height=\"731\" width=\"961\" title=\"Portfolio-FRE\" onerror=\"this.style.display='none'\" loading=\"lazy\" \/>\n\t<\/figure>\n<h2>\n\t\t\tPlateforme de portefeuille\t<\/h2>\n\t<ul>\n<li>Exploitez les donn\u00e9es de portefeuille pour trouver de nouvelles occasions de g\u00e9n\u00e9rer des revenus<\/li>\n<li>Affichez les perspectives des clients pour d\u00e9terminer des occasions d&rsquo;achat<\/li>\n<li>Communication personnalisable pour une messagerie cibl\u00e9e avec les clients<\/li>\n<li>Recevez des notifications hebdomadaires au sujet des clients arrivant \u00e0 \u00e9ch\u00e9ance<\/li>\n<li>Convertissez les dossiers de portefeuille en clients potentiels en seulement quelques clients<\/li>\n<li>Attribuez des clients potentiels pour offrir de nouvelles occasions de vente pour les membres de l&rsquo;\u00e9quipe<\/li>\n<li>Faites le suivi des rendez-vous et des t\u00e2ches pour rester \u00e0 l&rsquo;aff\u00fbt de toutes les possibilit\u00e9s de vente<\/li>\n<\/ul>\n\t<h1>Commerce au d\u00e9tail num\u00e9rique<\/h1>\n\t<p>Notre design appareil mobile d&rsquo;abord attire les clients ferr\u00e9s de technologie et restreints au niveau temps qui demandent une meilleure exp\u00e9rience d&rsquo;achat de voiture num\u00e9rique.<\/p>\n<figure itemscope itemtype=\"https:\/\/schema.org\/ImageObject\">\n\t\t\t\t<img decoding=\"async\" src=\"https:\/\/d3mdgz78ty7fao.cloudfront.net\/taqauto-com\/wp-content\/uploads\/2025\/01\/05151127\/DR-mobile-FRE.png\" alt=\"Commerce au d\u00e9tail num\u00e9rique\" title=\"DR-mobile-FRE\" onerror=\"this.style.display='none'\" loading=\"lazy\" \/>\n\t<\/figure>\n<figure itemscope itemtype=\"https:\/\/schema.org\/ImageObject\">\n\t\t\t\t<img decoding=\"async\" src=\"https:\/\/dev.taqauto.com\/wp-content\/uploads\/2024\/12\/icon-DR-1.png\" alt=\"icon-DR-1\" height=\"150\" width=\"150\" title=\"icon-DR-1\" onerror=\"this.style.display='none'\" loading=\"lazy\" \/>\n\t<\/figure>\n\tUne solution agnostique \u00e0 la plateforme peut \u00eatre<br \/>\najout\u00e9e \u00e0 n&rsquo;importe quel site Web de concessionnaire\n<p>&nbsp;<\/p>\n<figure itemscope itemtype=\"https:\/\/schema.org\/ImageObject\">\n\t\t\t\t<img decoding=\"async\" src=\"https:\/\/dev.taqauto.com\/wp-content\/uploads\/2024\/12\/icon-DR-2.png\" alt=\"icon-DR-2\" height=\"150\" width=\"150\" title=\"icon-DR-2\" onerror=\"this.style.display='none'\" loading=\"lazy\" \/>\n\t<\/figure>\n\tCalculez rapidement et pr\u00e9cis\u00e9ment les<br \/>\npaiements selon des crit\u00e8res particuliers\n<p>&nbsp;<\/p>\n<figure itemscope itemtype=\"https:\/\/schema.org\/ImageObject\">\n\t\t\t\t<img decoding=\"async\" src=\"https:\/\/dev.taqauto.com\/wp-content\/uploads\/2024\/12\/DR-3.png\" alt=\"DR-3\" title=\"DR-3\" onerror=\"this.style.display='none'\" loading=\"lazy\" \/>\n\t<\/figure>\n\tLa seule solution qui offre automatiquement<br \/>\nune d\u00e9cision de cr\u00e9dit pour vous\n<figure itemscope itemtype=\"https:\/\/schema.org\/ImageObject\">\n\t\t\t\t<img decoding=\"async\" src=\"https:\/\/dev.taqauto.com\/wp-content\/uploads\/2024\/12\/icon-DR-4.png\" alt=\"icon-DR-4\" height=\"150\" width=\"150\" title=\"icon-DR-4\" onerror=\"this.style.display='none'\" loading=\"lazy\" \/>\n\t<\/figure>\n\tUn outil num\u00e9rique parfaitement int\u00e9gr\u00e9 con\u00e7u pour am\u00e9liorer<br \/>\nla performance et l&rsquo;efficacit\u00e9 du concessionnaire\n<figure itemscope itemtype=\"https:\/\/schema.org\/ImageObject\">\n\t\t\t\t<img decoding=\"async\" src=\"https:\/\/dev.taqauto.com\/wp-content\/uploads\/2024\/12\/icon-DR-5.png\" alt=\"icon-DR-5\" height=\"150\" width=\"150\" title=\"icon-DR-5\" onerror=\"this.style.display='none'\" loading=\"lazy\" \/>\n\t<\/figure>\n\tObtenez une valeur pr\u00e9cise pour<br \/>\nvotre v\u00e9hicule d&rsquo;\u00e9change\n\t<h1>Canal de distribution de clients potentiels<\/h1>\n\t<p>Le syst\u00e8me automatis\u00e9 canalise les demandes des clients pr\u00e9qualifi\u00e9s de haute qualit\u00e9 directement vers les concessionnaires, les aidant \u00e0 \u00e9tablir un lien avec les acheteurs potentiels de fa\u00e7on efficace et \u00e0 augmenter les conversions de vente.<\/p>\n\t<h1>Programme de service &#8211; Votre \u00e9quipe de financement virtuel<\/h1>\n\t<p>Notre \u00e9quipe de service aide les clients et les d\u00e9taillants \u00e0 :<\/p>\nOrganiser le financement de leurs achats num\u00e9riques<br \/>\nEnvoyer les transactions aux pr\u00eateurs pour approbation et prendre des d\u00e9cisions de cr\u00e9dit au nom du client<br \/>\nRemplir les stipulations du pr\u00eateur<br \/>\nCr\u00e9er des offres group\u00e9es de financement<br \/>\nPr\u00e9parer de la documentation et des contrats num\u00e9riques<br \/>\nGarantir le financement rapide de tous les contrats<br \/>\nCapturer les stipulations du pr\u00eateur et combler les d\u00e9ficiences du pr\u00eateur\n\t<h1>Partenariats<\/h1>\n\t<p>Des partenariats commerciaux sont essentiels pour favoriser l&rsquo;innovation, entra\u00eener la croissance mutuelle et cr\u00e9er une valeur durable dans un march\u00e9 concurrentiel. En personnalisant notre strat\u00e9gie pour l&rsquo;aligner avec les besoins et objectifs uniques d&rsquo;un client, taq b\u00e2ti la confiance, augmente la collaboration et offre des solutions personnalis\u00e9es qui assurent un succ\u00e8s mutuel.<\/p>\n<p>Cette adaptabilit\u00e9 renforce nos relations et positionne nos partenaires pour une durabilit\u00e9 \u00e0 long terme.<\/p>\n\t\t\t<a href=\"https:\/\/dev.taqauto.com\/stories\/\"  target=\"_self\">\n\t\t\t\t\t\t\tLisez-en plus sur nos solutions personnalis\u00e9es\n\t\t\t\t\t<\/a>\n\t<h1>Pr\u00eateurs<\/h1>\n\t<p>Int\u00e9gration avec les marques principales, RBC, SCI\u00a0Lease\u00a0Corp et iA\u00a0Financial\u00a0Services.<\/p>\n<figure itemscope itemtype=\"https:\/\/schema.org\/ImageObject\">\n\t\t\t\t<img decoding=\"async\" src=\"https:\/\/dev.taqauto.com\/wp-content\/uploads\/2024\/12\/icon-RBC.png\" alt=\"icon-RBC\" height=\"200\" width=\"300\" title=\"icon-RBC\" onerror=\"this.style.display='none'\" loading=\"lazy\" \/>\n\t<\/figure>\n<figure itemscope itemtype=\"https:\/\/schema.org\/ImageObject\">\n\t\t\t\t<img decoding=\"async\" src=\"https:\/\/dev.taqauto.com\/wp-content\/uploads\/2024\/12\/icon-LC.png\" alt=\"icon-LC\" height=\"200\" width=\"300\" title=\"icon-LC\" onerror=\"this.style.display='none'\" loading=\"lazy\" \/>\n\t<\/figure>\n<figure itemscope itemtype=\"https:\/\/schema.org\/ImageObject\">\n\t\t\t\t<img decoding=\"async\" src=\"https:\/\/dev.taqauto.com\/wp-content\/uploads\/2025\/01\/iA_FRE_300_200-1.png\" alt=\"iA_FRE_300_200\" height=\"200\" width=\"300\" title=\"iA_FRE_300_200\" onerror=\"this.style.display='none'\" loading=\"lazy\" \/>\n\t<\/figure>\n<h1>\n\t\t\tVos donn\u00e9es sont en s\u00e9curit\u00e9.\t<\/h1>\n\t<p><strong>taq<\/strong> respecte les normes les plus \u00e9lev\u00e9es en mati\u00e8re de s\u00e9curit\u00e9 Internet. Nos pratiques et nos syst\u00e8mes sont con\u00e7us pour prot\u00e9ger les r\u00e9seaux, les appareils, les programmes et les donn\u00e9es contre les attaques, les dommages et les intrusions.<\/p>\n<figure itemscope itemtype=\"https:\/\/schema.org\/ImageObject\">\n\t\t\t\t<img decoding=\"async\" src=\"https:\/\/dev.taqauto.com\/wp-content\/uploads\/2025\/01\/icon-data-security-3.png\" alt=\"icon-data-security-3\" height=\"300\" width=\"400\" title=\"icon-data-security-3\" onerror=\"this.style.display='none'\" loading=\"lazy\" \/>\n\t<\/figure>\n\n","protected":false},"excerpt":{"rendered":"<p>Fili\u00e8re Digitale est une fonctionnalit\u00e9 de portail de cr\u00e9dit novatrice con\u00e7ue pour \u00e9liminer les d\u00e9ficiences courantes que l&rsquo;on retrouve dans&hellip;<\/p>\n","protected":false},"author":7,"featured_media":0,"parent":0,"menu_order":0,"comment_status":"closed","ping_status":"closed","template":"","meta":{"_acf_changed":false,"footnotes":""},"class_list":["post-3948","page","type-page","status-publish","hentry"],"acf":[],"yoast_head":"<!-- This site is optimized with the Yoast SEO plugin v26.8 - https:\/\/yoast.com\/product\/yoast-seo-wordpress\/ -->\n<title>Accueil - taq Automotive Intelligence<\/title>\n<meta name=\"description\" content=\"Track leads, manage customer lifecycles in your portfolio and work credit decisions, all on one efficient platform with taq auto.\" \/>\n<meta name=\"robots\" content=\"index, follow, max-snippet:-1, max-image-preview:large, max-video-preview:-1\" \/>\n<link rel=\"canonical\" href=\"https:\/\/dev.taqauto.com\/fr\/\" \/>\n<meta property=\"og:locale\" content=\"fr_CA\" \/>\n<meta property=\"og:type\" content=\"article\" \/>\n<meta property=\"og:title\" content=\"Accueil - taq Automotive Intelligence\" \/>\n<meta property=\"og:description\" content=\"Track leads, manage customer lifecycles in your portfolio and work credit decisions, all on one efficient platform with taq auto.\" \/>\n<meta property=\"og:url\" content=\"https:\/\/dev.taqauto.com\/fr\/\" \/>\n<meta property=\"og:site_name\" content=\"taq\" \/>\n<meta property=\"article:modified_time\" content=\"2026-03-18T14:25:41+00:00\" \/>\n<meta property=\"og:image\" content=\"https:\/\/dev.taqauto.com\/wp-content\/uploads\/2024\/12\/icon_credit-link-3.png\" \/>\n<meta name=\"twitter:card\" content=\"summary_large_image\" \/>\n<meta name=\"twitter:label1\" content=\"Estimation du temps de lecture\" \/>\n\t<meta name=\"twitter:data1\" content=\"7 minutes\" \/>\n<script type=\"application\/ld+json\" class=\"yoast-schema-graph\">{\"@context\":\"https:\/\/schema.org\",\"@graph\":[{\"@type\":\"WebPage\",\"@id\":\"https:\/\/dev.taqauto.com\/fr\/\",\"url\":\"https:\/\/dev.taqauto.com\/fr\/\",\"name\":\"Accueil - taq Automotive Intelligence\",\"isPartOf\":{\"@id\":\"https:\/\/dev.taqauto.com\/fr\/#website\"},\"primaryImageOfPage\":{\"@id\":\"https:\/\/dev.taqauto.com\/fr\/#primaryimage\"},\"image\":{\"@id\":\"https:\/\/dev.taqauto.com\/fr\/#primaryimage\"},\"thumbnailUrl\":\"https:\/\/dev.taqauto.com\/wp-content\/uploads\/2024\/12\/icon_credit-link-3.png\",\"datePublished\":\"2025-03-07T18:32:37+00:00\",\"dateModified\":\"2026-03-18T14:25:41+00:00\",\"description\":\"Track leads, manage customer lifecycles in your portfolio and work credit decisions, all on one efficient platform with taq auto.\",\"breadcrumb\":{\"@id\":\"https:\/\/dev.taqauto.com\/fr\/#breadcrumb\"},\"inLanguage\":\"fr-CA\",\"potentialAction\":[{\"@type\":\"ReadAction\",\"target\":[\"https:\/\/dev.taqauto.com\/fr\/\"]}]},{\"@type\":\"ImageObject\",\"inLanguage\":\"fr-CA\",\"@id\":\"https:\/\/dev.taqauto.com\/fr\/#primaryimage\",\"url\":\"https:\/\/dev.taqauto.com\/wp-content\/uploads\/2024\/12\/icon_credit-link-3.png\",\"contentUrl\":\"https:\/\/dev.taqauto.com\/wp-content\/uploads\/2024\/12\/icon_credit-link-3.png\"},{\"@type\":\"BreadcrumbList\",\"@id\":\"https:\/\/dev.taqauto.com\/fr\/#breadcrumb\",\"itemListElement\":[{\"@type\":\"ListItem\",\"position\":1,\"name\":\"Home\",\"item\":\"https:\/\/dev.taqauto.com\/fr\/\"},{\"@type\":\"ListItem\",\"position\":2,\"name\":\"Accueil\"}]},{\"@type\":\"WebSite\",\"@id\":\"https:\/\/dev.taqauto.com\/fr\/#website\",\"url\":\"https:\/\/dev.taqauto.com\/fr\/\",\"name\":\"taq\",\"description\":\"We\u2019re creating a smarter way to sell cars.\",\"potentialAction\":[{\"@type\":\"SearchAction\",\"target\":{\"@type\":\"EntryPoint\",\"urlTemplate\":\"https:\/\/dev.taqauto.com\/fr\/?s={search_term_string}\"},\"query-input\":{\"@type\":\"PropertyValueSpecification\",\"valueRequired\":true,\"valueName\":\"search_term_string\"}}],\"inLanguage\":\"fr-CA\"}]}<\/script>\n<!-- \/ Yoast SEO plugin. -->","yoast_head_json":{"title":"Accueil - taq Automotive Intelligence","description":"Track leads, manage customer lifecycles in your portfolio and work credit decisions, all on one efficient platform with taq auto.","robots":{"index":"index","follow":"follow","max-snippet":"max-snippet:-1","max-image-preview":"max-image-preview:large","max-video-preview":"max-video-preview:-1"},"canonical":"https:\/\/dev.taqauto.com\/fr\/","og_locale":"fr_CA","og_type":"article","og_title":"Accueil - taq Automotive Intelligence","og_description":"Track leads, manage customer lifecycles in your portfolio and work credit decisions, all on one efficient platform with taq auto.","og_url":"https:\/\/dev.taqauto.com\/fr\/","og_site_name":"taq","article_modified_time":"2026-03-18T14:25:41+00:00","og_image":[{"url":"https:\/\/dev.taqauto.com\/wp-content\/uploads\/2024\/12\/icon_credit-link-3.png","type":"","width":"","height":""}],"twitter_card":"summary_large_image","twitter_misc":{"Estimation du temps de lecture":"7 minutes"},"schema":{"@context":"https:\/\/schema.org","@graph":[{"@type":"WebPage","@id":"https:\/\/dev.taqauto.com\/fr\/","url":"https:\/\/dev.taqauto.com\/fr\/","name":"Accueil - taq Automotive Intelligence","isPartOf":{"@id":"https:\/\/dev.taqauto.com\/fr\/#website"},"primaryImageOfPage":{"@id":"https:\/\/dev.taqauto.com\/fr\/#primaryimage"},"image":{"@id":"https:\/\/dev.taqauto.com\/fr\/#primaryimage"},"thumbnailUrl":"https:\/\/dev.taqauto.com\/wp-content\/uploads\/2024\/12\/icon_credit-link-3.png","datePublished":"2025-03-07T18:32:37+00:00","dateModified":"2026-03-18T14:25:41+00:00","description":"Track leads, manage customer lifecycles in your portfolio and work credit decisions, all on one efficient platform with taq auto.","breadcrumb":{"@id":"https:\/\/dev.taqauto.com\/fr\/#breadcrumb"},"inLanguage":"fr-CA","potentialAction":[{"@type":"ReadAction","target":["https:\/\/dev.taqauto.com\/fr\/"]}]},{"@type":"ImageObject","inLanguage":"fr-CA","@id":"https:\/\/dev.taqauto.com\/fr\/#primaryimage","url":"https:\/\/dev.taqauto.com\/wp-content\/uploads\/2024\/12\/icon_credit-link-3.png","contentUrl":"https:\/\/dev.taqauto.com\/wp-content\/uploads\/2024\/12\/icon_credit-link-3.png"},{"@type":"BreadcrumbList","@id":"https:\/\/dev.taqauto.com\/fr\/#breadcrumb","itemListElement":[{"@type":"ListItem","position":1,"name":"Home","item":"https:\/\/dev.taqauto.com\/fr\/"},{"@type":"ListItem","position":2,"name":"Accueil"}]},{"@type":"WebSite","@id":"https:\/\/dev.taqauto.com\/fr\/#website","url":"https:\/\/dev.taqauto.com\/fr\/","name":"taq","description":"We\u2019re creating a smarter way to sell cars.","potentialAction":[{"@type":"SearchAction","target":{"@type":"EntryPoint","urlTemplate":"https:\/\/dev.taqauto.com\/fr\/?s={search_term_string}"},"query-input":{"@type":"PropertyValueSpecification","valueRequired":true,"valueName":"search_term_string"}}],"inLanguage":"fr-CA"}]}},"_links":{"self":[{"href":"https:\/\/dev.taqauto.com\/fr\/wp-json\/wp\/v2\/pages\/3948","targetHints":{"allow":["GET"]}}],"collection":[{"href":"https:\/\/dev.taqauto.com\/fr\/wp-json\/wp\/v2\/pages"}],"about":[{"href":"https:\/\/dev.taqauto.com\/fr\/wp-json\/wp\/v2\/types\/page"}],"author":[{"embeddable":true,"href":"https:\/\/dev.taqauto.com\/fr\/wp-json\/wp\/v2\/users\/7"}],"replies":[{"embeddable":true,"href":"https:\/\/dev.taqauto.com\/fr\/wp-json\/wp\/v2\/comments?post=3948"}],"version-history":[{"count":6,"href":"https:\/\/dev.taqauto.com\/fr\/wp-json\/wp\/v2\/pages\/3948\/revisions"}],"predecessor-version":[{"id":4216,"href":"https:\/\/dev.taqauto.com\/fr\/wp-json\/wp\/v2\/pages\/3948\/revisions\/4216"}],"wp:attachment":[{"href":"https:\/\/dev.taqauto.com\/fr\/wp-json\/wp\/v2\/media?parent=3948"}],"curies":[{"name":"wp","href":"https:\/\/api.w.org\/{rel}","templated":true}]}}