{"id":702,"date":"2020-12-01T18:08:01","date_gmt":"2020-12-01T23:08:01","guid":{"rendered":"https:\/\/dev.taqauto.com\/?page_id=702"},"modified":"2026-01-29T15:55:42","modified_gmt":"2026-01-29T20:55:42","slug":"who-we-are","status":"publish","type":"page","link":"https:\/\/dev.taqauto.com\/fr\/who-we-are\/","title":{"rendered":"Qui nous sommes"},"content":{"rendered":"\n\n\t\t<p>Notre regard est tourn\u00e9 vers l&rsquo;avenir, un avenir que nous b\u00e2tissons.<\/p>\n\t<p>Bienvenue chez taq. Notre mission consiste \u00e0 repenser et \u00e0 transformer la fa\u00e7on de vendre et d&rsquo;acheter un v\u00e9hicule. En fait, notre objectif consiste \u00e0 transformer l&rsquo;industrie automobile pour offrir aux consommateurs une meilleure exp\u00e9rience client.<\/p>\n<p>Chez taq, nous croyons que le changement est propice aux nouvelles id\u00e9es et qu&rsquo;il faut donc l&rsquo;encourager. Nous pratiquons l&rsquo;am\u00e9lioration continue. Nous anticipons les besoins et les attentes et avons les comp\u00e9tences pour y r\u00e9pondre. Nous pensons diff\u00e9remment et recherchons sans cesse de nouvelles id\u00e9es qui permettront \u00e0 nos clients de vivre une meilleure exp\u00e9rience.<\/p>\n<p>&nbsp;<\/p>\nNous r\u00e9ussirons l\u00e0 o\u00f9 d&rsquo;autres ont \u00e9chou\u00e9, car nous analysons la situation dans son ensemble, nous \u00e9coutons et nous nous engageons \u00e0 collaborer avec nos clients en tant que r\u00e9el partenaire. Nous fournissons le leadership et la technologie n\u00e9cessaires \u00e0 la r\u00e9ussite, aujourd&rsquo;hui et \u00e0 l&rsquo;avenir.<br \/>\nNous proposons une fa\u00e7on plus intelligente de vendre des voitures. Car chez taq, nous poss\u00e9dons Le savoir automobile.\n\t\t\t\t<img decoding=\"async\" src=\"https:\/\/dev.taqauto.com\/wp-content\/uploads\/2025\/01\/Who_began.png\" alt=\"coporate boardroom collage\" itemprop=\"image\" height=\"406\" width=\"506\" title=\"Who_began\" onerror=\"this.style.display='none'\" loading=\"lazy\" \/>\n<h2>\n\t\t\tLes d\u00e9buts\t<\/h2>\n\t<p>Lanc\u00e9e en 1996, Strategic Connections (devenue plus tard SCI) mise sur la puissance d&rsquo;Internet et d\u00e9veloppe un logiciel de traitement des donn\u00e9es de clients potentiels. L&rsquo;entreprise collabore d&rsquo;abord avec Mercedes-Benz, puis signe un contrat lucratif avec General Motors US. Des syst\u00e8mes de gestion des clients potentiels concurrents arrivent sur le march\u00e9 et SCI cherche alors \u00e0 se d\u00e9marquer. C&rsquo;est alors qu&rsquo;Alan Bird entre en sc\u00e8ne.<\/p>\n<h2>\n\t\t\tUn visionnaire \t<\/h2>\n\t<p>Alan Bird a toujours vis\u00e9 \u00e0 moderniser le parcours d&rsquo;achat de la client\u00e8le automobile. Alan a cr\u00e9\u00e9 en 2000 le premier portail num\u00e9rique de cr\u00e9dit au Canada et a ainsi r\u00e9volutionn\u00e9 le processus de financement num\u00e9rique des pr\u00eateurs, constructeurs et concessionnaires. En sa qualit\u00e9 de pr\u00e9sident-directeur g\u00e9n\u00e9ral de taq, Alan poursuit le d\u00e9veloppement de sa vision et positionne taq comme pionnier de l&rsquo;industrie, toujours engag\u00e9 \u00e0 innover et \u00e0 transformer l&rsquo;industrie canadienne de l&rsquo;automobile.<\/p>\n\t\t\t\t<img decoding=\"async\" src=\"https:\/\/dev.taqauto.com\/wp-content\/uploads\/2020\/11\/A_Bird.png\" alt=\"A_Bird\" itemprop=\"image\" height=\"300\" width=\"368\" title=\"A_Bird\" onerror=\"this.style.display='none'\" loading=\"lazy\" \/>\n\t\t\t\t<img decoding=\"async\" src=\"https:\/\/dev.taqauto.com\/wp-content\/uploads\/2023\/04\/JC-sm.png\" alt=\"JC-sm\" itemprop=\"image\" height=\"337\" width=\"500\" title=\"JC-sm\" onerror=\"this.style.display='none'\" loading=\"lazy\" \/>\n<h2>\n\t\t\tNous construisons l&rsquo;avenir \t<\/h2>\n\t<p>John Currado, pr\u00e9sident de taq, est fermement engag\u00e9 \u00e0 fa\u00e7onner l&rsquo;avenir num\u00e9rique du parcours d&rsquo;achat automobile. En sa qualit\u00e9 d&rsquo;innovateur dans le secteur de la technologie des finances, JC dirige son \u00e9quipe dans le but de r\u00e9aliser la mission de taq de construire l&rsquo;avenir afin de livrer la technologie ax\u00e9e sur la client\u00e8le aux constructeurs, pr\u00eateurs et concessionnaires canadiens.\u00a0<\/p>\n<h2>\n\t\t\t\u00c9quipe de dirigeants du leadership\t<\/h2>\n\t<p>B\u00e9n\u00e9ficiant d&rsquo;une exp\u00e9rience et d&rsquo;un niveau de connaissance in\u00e9gal\u00e9s dans l&rsquo;industrie automobile, notre \u00e9quipe de dirigeants guide l&rsquo;entreprise avec une conviction in\u00e9branlable dans les principes d&rsquo;authenticit\u00e9, de cr\u00e9ativit\u00e9, de transparence, de plaisir et de passion pour l&rsquo;innovation.<\/p>\n\t\t\t\t\t\t<figure>\n\t\t\t\t\t\t<img width=\"368\" height=\"300\" src=\"https:\/\/dev.taqauto.com\/wp-content\/uploads\/2020\/11\/A_Bird.png\" alt=\"\" decoding=\"async\" loading=\"lazy\" \/>\t\t\t\t\t\t\t<figcaption>\n\t\t\t\t\t\t\t\tChef de la direction<h3>Alan Bird<\/h3>\t\t\t\t\t\t\t<\/figcaption>\n\t\t\t\t\t\t<\/figure>\n\t\t\t\t\t\t<figure>\n\t\t\t\t\t\t<img width=\"368\" height=\"300\" src=\"https:\/\/dev.taqauto.com\/wp-content\/uploads\/2021\/11\/J_Currado_2.png\" alt=\"\" decoding=\"async\" loading=\"lazy\" \/>\t\t\t\t\t\t\t<figcaption>\n\t\t\t\t\t\t\t\tPr\u00e9sident<h3>John Currado (JC)<\/h3>\t\t\t\t\t\t\t<\/figcaption>\n\t\t\t\t\t\t<\/figure>\n\t\t\t\t\t\t<figure>\n\t\t\t\t\t\t<img width=\"368\" height=\"300\" src=\"https:\/\/dev.taqauto.com\/wp-content\/uploads\/2020\/11\/D_Reynolds.png\" alt=\"\" decoding=\"async\" loading=\"lazy\" \/>\t\t\t\t\t\t\t<figcaption>\n\t\t\t\t\t\t\t\tChef des finances<h3>Des Reynolds<\/h3>\t\t\t\t\t\t\t<\/figcaption>\n\t\t\t\t\t\t<\/figure>\n\t\t\t\t\t\t<figure>\n\t\t\t\t\t\t<img width=\"368\" height=\"300\" src=\"https:\/\/dev.taqauto.com\/wp-content\/uploads\/2020\/11\/M_Gielow.png\" alt=\"\" decoding=\"async\" loading=\"lazy\" \/>\t\t\t\t\t\t\t<figcaption>\n\t\t\t\t\t\t\t\tChef du marketing<h3>Matt Gielow<\/h3>\t\t\t\t\t\t\t<\/figcaption>\n\t\t\t\t\t\t<\/figure>\n\t\t\t\t\t\t<figure>\n\t\t\t\t\t\t<img width=\"368\" height=\"300\" src=\"https:\/\/dev.taqauto.com\/wp-content\/uploads\/2020\/11\/L_Murtagh.png\" alt=\"\" decoding=\"async\" loading=\"lazy\" \/>\t\t\t\t\t\t\t<figcaption>\n\t\t\t\t\t\t\t\tResponsable de la conformit\u00e9 <h3>Lori Murtagh<\/h3>\t\t\t\t\t\t\t<\/figcaption>\n\t\t\t\t\t\t<\/figure>\n\t\t\t\t\t\t\t\tChef de la direction<h2>Alan Bird<\/h2>\n<p>Optimiste dans l&rsquo;\u00e2me et fin strat\u00e8ge, Alan Bird accorde une grande importance aux relations avec ses coll\u00e8gues et partenaires d&rsquo;affaires. Sa carri\u00e8re de plus de 30 ans comme chef d&rsquo;entreprise dans le secteur de l&rsquo;automobile lui a permis de consolider sa place \u00e0 titre d&rsquo;acteur de premier plan et de pionnier de l&rsquo;industrie. \u00c0 titre de Chef de la direction de taq, le Savoir automobile, Alan s&rsquo;engage \u00e0 fournir au march\u00e9 canadien des technologies novatrices et des programmes de location concurrentiels. Avant taq (anciennement SCI), Alan a lanc\u00e9 en 2001 l&rsquo;entreprise Curomax, premier portail financier multiactif au Canada qui a r\u00e9volutionn\u00e9 la fa\u00e7on dont les demandes de cr\u00e9dit sont trait\u00e9es en Am\u00e9rique du Nord. Membre d\u00e9vou\u00e9 du Conseil de l&rsquo;Automotive Business School of Canada et pr\u00e9sident du Conseil consultatif du marketing, Alan estime que les \u00e9tudiants repr\u00e9sentent l&rsquo;avenir de l&rsquo;industrie et il travaille tr\u00e8s fort pour en faire la promotion. Fervent partisan des Leafs de Toronto, Alan est aussi un golfeur assidu et a \u00e9t\u00e9 r\u00e9cemment l&rsquo;un des meilleurs collecteurs de fonds pour la cause Movember 2020.<\/p>\n\t\t\t\t\t\t\t\tPr\u00e9sident<h2>John Currado (JC)<\/h2>\n<p>Professionnel passionn\u00e9 et avant-gardiste, John Currado est engag\u00e9 \u00e0 gagner la confiance de ses clients, \u00e0 b\u00e2tir une relation solide et \u00e0 cr\u00e9er des situations avantageuses pour tous. Son exp\u00e9rience de plus de 25 ans dans le domaine du financement combin\u00e9e \u00e0 sa connaissance du domaine automobile fait de John un expert de l&rsquo;industrie ayant une compr\u00e9hension approfondie de l&rsquo;interd\u00e9pendance entre les deux industries. \u00c0 titre de pr\u00e9sident de taq le Savoir automobile, John s&rsquo;occupe des strat\u00e9gies technologiques. Avant de se joindre \u00e0 taq (anciennement SCI), John a occup\u00e9 divers postes chez Dealertrack de 2007 \u00e0 2013, avant d&rsquo;occuper le poste de directeur g\u00e9n\u00e9ral pour le Canada.<\/p>\n\t\t\t\t\t\t\t\tChef des finances<h2>Des Reynolds<\/h2>\n<p>Des est un strat\u00e8ge financier dot\u00e9 d&rsquo;un sens aigu des affaires. Avec plus de 25 ans d&rsquo;exp\u00e9rience dans l&rsquo;industrie automobile, il s&rsquo;est taill\u00e9 une solide r\u00e9putation de visionnaire pragmatique. Chez taq, le Savoir automobile, Des est directeur des finances depuis plus de dix ans et si\u00e8ge au Conseil d&rsquo;administration \u00e0 titre de propri\u00e9taire d&rsquo;une partie de l&rsquo;entreprise. Avant de se joindre \u00e0 taq, Des \u00e9tait premier vice-pr\u00e9sident, directeur des finances et directeur de Curomax Corporation, une entreprise qu&rsquo;il a fond\u00e9e avec ses associ\u00e9s en 2000, puis vendue \u00e0 Dealertrack en 2007. Avant Curomax, Desmond \u00e9tait vice-pr\u00e9sident des finances pour FinanciaLinx, une division de CIT Group\/Newcourt Credit et la Banque de Montr\u00e9al. Il est devenu comptable agr\u00e9\u00e9 lorsqu&rsquo;il travaillait chez PriceWaterhouseCoopers, se sp\u00e9cialisant en fiscalit\u00e9 d&rsquo;entreprise et services aux entreprises. Originaire de Burlington, en Ontario, Des est un cycliste passionn\u00e9 et participe aux \u00e9preuves Tough Mudder.<\/p>\n\t\t\t\t\t\t\t\tChef du marketing<h2>Matt Gielow<\/h2>\n<p>Matt croit fermement qu&rsquo;une bonne entreprise r\u00e9ussit \u00e0 se hisser au-dessus de la m\u00eal\u00e9e lorsqu&rsquo;elle favorise le travail d&rsquo;\u00e9quipe et cherche toujours \u00e0 s&rsquo;am\u00e9liorer. Il poursuit cette philosophie depuis plus de 25 ans pour la conception de produits, le marketing et les technologies de l&rsquo;information. Depuis les 10 derni\u00e8res ann\u00e9es chez taq, Matt occupe le poste de chef de direction, conception de produits et marketing, et entreprend chaque t\u00e2che avec \u00e9nergie et enthousiasme. Matt est aussi partie prenante de l&rsquo;entreprise. Auparavant, Matt a occup\u00e9 des postes de gestion sup\u00e9rieure chez General Motors US et EDS. Fier membre de la United States Navy, Matt est sp\u00e9cialiste de la lutte anti-sous-marine et antia\u00e9rienne. Natif de Detroit, Matt appuie l&rsquo;\u00e9quipe de son alma mater, les Wolverines du Michigan, ainsi que les Lions de Detroit.<\/p>\n\t\t\t\t\t\t\t\tResponsable de la conformit\u00e9 <h2>Lori Murtagh<\/h2>\n<p>V\u00e9ritable pionni\u00e8re dans l&rsquo;industrie automobile, Lori figure parmi les rares femmes \u00e0 faire partie de la haute direction dans un secteur domin\u00e9 par les hommes. Au cours d&rsquo;une carri\u00e8re qui s&rsquo;\u00e9chelonne sur plus de 30 ans, Lori a acquis des connaissances approfondies sur l&rsquo;industrie et se positionne comme une experte de confiance dans plusieurs domaines. \u00c0 titre de partie prenante de l&rsquo;entreprise, Lori met \u00e0 profit sa vaste expertise en att\u00e9nuation du risque, en conformit\u00e9 juridique, en op\u00e9rations strat\u00e9giques et en ressources humaines. Avant de se joindre \u00e0 taq en 2015, Lori a occup\u00e9 des postes de haute direction chez GM Financial, op\u00e9rations et ressources humaines. Lori est une ardente d\u00e9fenseure des programmes de mentorat pour jeunes femmes et r\u00e9cipiendaire des prix Remarketer of the Year (2019) d\u00e9cern\u00e9 par l&rsquo;IARA et Women and Automotive Profile in Leadership (2017).<\/p>\n\t\t<input type=\"hidden\" name=\"shortcode\" id=\"atb-shortcode\" value=381\/>\n<h2>\n\t\t\t\u00c9quipe de direction\t<\/h2>\n\t\t\t\t\t\t<figure>\n\t\t\t\t\t\t<img width=\"368\" height=\"300\" src=\"https:\/\/dev.taqauto.com\/wp-content\/uploads\/2021\/11\/A_Agnew.png\" alt=\"\" decoding=\"async\" loading=\"lazy\" \/>\t\t\t\t\t\t\t<figcaption>\n\t\t\t\t\t\t\t\tDirectrice, soutien aux concessionnaires, soutien \u00e0 la production et services de conciergerie<h3>Alicia Agnew<\/h3>\t\t\t\t\t\t\t<\/figcaption>\n\t\t\t\t\t\t<\/figure>\n\t\t\t\t\t\t<figure>\n\t\t\t\t\t\t<img width=\"368\" height=\"300\" src=\"https:\/\/dev.taqauto.com\/wp-content\/uploads\/2021\/08\/A_Akbar.png\" alt=\"\" decoding=\"async\" loading=\"lazy\" \/>\t\t\t\t\t\t\t<figcaption>\n\t\t\t\t\t\t\t\tVice-pr\u00e9sident, finances<h3>Ali Akbar<\/h3>\t\t\t\t\t\t\t<\/figcaption>\n\t\t\t\t\t\t<\/figure>\n\t\t\t\t\t\t<figure>\n\t\t\t\t\t\t<img width=\"368\" height=\"300\" src=\"https:\/\/dev.taqauto.com\/wp-content\/uploads\/2021\/11\/L_ChinALoy.png\" alt=\"\" decoding=\"async\" loading=\"lazy\" \/>\t\t\t\t\t\t\t<figcaption>\n\t\t\t\t\t\t\t\tVice-pr\u00e9sidente, comptes d&rsquo;entreprise<h3>Lisa Chin-A-Loy<\/h3>\t\t\t\t\t\t\t<\/figcaption>\n\t\t\t\t\t\t<\/figure>\n\t\t\t\t\t\t<figure>\n\t\t\t\t\t\t<img width=\"368\" height=\"300\" src=\"https:\/\/dev.taqauto.com\/wp-content\/uploads\/2021\/11\/A_MacDonald.png\" alt=\"\" decoding=\"async\" loading=\"lazy\" \/>\t\t\t\t\t\t\t<figcaption>\n\t\t\t\t\t\t\t\tPremier vice-pr\u00e9sident, strat\u00e9gie des donn\u00e9es <h3>Adam MacDonald<\/h3>\t\t\t\t\t\t\t<\/figcaption>\n\t\t\t\t\t\t<\/figure>\n\t\t\t\t\t\t<figure>\n\t\t\t\t\t\t<img width=\"368\" height=\"300\" src=\"https:\/\/dev.taqauto.com\/wp-content\/uploads\/2025\/08\/P_Melarcode.png\" alt=\"Param Melarcode, Senior VP IT Operato\" decoding=\"async\" loading=\"lazy\" \/>\t\t\t\t\t\t\t<figcaption>\n\t\t\t\t\t\t\t\tVice-pr\u00e9sident principal, Op\u00e9rations TI<h3>Param Melarcode<\/h3>\t\t\t\t\t\t\t<\/figcaption>\n\t\t\t\t\t\t<\/figure>\n\t\t\t\t\t\t<figure>\n\t\t\t\t\t\t<img width=\"368\" height=\"300\" src=\"https:\/\/dev.taqauto.com\/wp-content\/uploads\/2021\/11\/J_Peddle.png\" alt=\"\" decoding=\"async\" loading=\"lazy\" \/>\t\t\t\t\t\t\t<figcaption>\n\t\t\t\t\t\t\t\tVice-pr\u00e9sidente, produits et marketing<h3>Joanne Peddle<\/h3>\t\t\t\t\t\t\t<\/figcaption>\n\t\t\t\t\t\t<\/figure>\n\t\t\t\t\t\t<figure>\n\t\t\t\t\t\t<img width=\"368\" height=\"300\" src=\"https:\/\/dev.taqauto.com\/wp-content\/uploads\/2024\/02\/M_Pun.png\" alt=\"\" decoding=\"async\" loading=\"lazy\" \/>\t\t\t\t\t\t\t<figcaption>\n\t\t\t\t\t\t\t\tDirecteur, projets sp\u00e9ciaux<h3>Mike Pun<\/h3>\t\t\t\t\t\t\t<\/figcaption>\n\t\t\t\t\t\t<\/figure>\n\t\t\t\t\t\t\t\tDirectrice, soutien aux concessionnaires, soutien \u00e0 la production et services de conciergerie<h2>Alicia Agnew<\/h2>\n<p>Au cours des 15 ann\u00e9es pass\u00e9es chez taq, Alicia a connu des phases d&rsquo;apprentissage, de d\u00e9veloppement et de r\u00e9ussite qui l&rsquo;ont amen\u00e9e \u00e0 occuper le poste de directrice, soutien \u00e0 la production et aux concessionnaires. Alicia est arriv\u00e9e chez taq en&nbsp;2008 \u00e0 titre de sp\u00e9cialiste du service \u00e0 la client\u00e8le. Au fil de sa carri\u00e8re, elle s&rsquo;est toujours engag\u00e9e \u00e0 offrir une exp\u00e9rience optimale \u00e0 chacun de ses pr\u00e9cieux clients. Dans ses fonctions actuelles, Alicia supervise les \u00e9quipes de soutien \u00e0 la production et aux concessionnaires, ainsi que la toute nouvelle \u00e9quipe de conciergerie de taq, d\u00e9di\u00e9e \u00e0 l&rsquo;accompagnement du parcours d&rsquo;achat num\u00e9rique de nos clients. Alicia soutient ses \u00e9quipes en leur apportant conseils et expertise tout en les dirigeant avec empathie et en visant l&rsquo;excellence.<\/p>\n\t\t\t\t\t\t\t\tVice-pr\u00e9sident, finances<h2>Ali Akbar<\/h2>\n<p>Ali Akbar, V.-P., Finance, pr\u00e9sente une longue fiche de route et de nombreux atouts dans les domaines de la finance, de la comptabilit\u00e9, de la fiscalit\u00e9 et du droit. Comptant plus de 20 ans d&rsquo;exp\u00e9rience dans la planification financi\u00e8re \u00e0 long terme dans le domaine de l&rsquo;automobile et dans les secteurs public et de l&rsquo;\u00e9nergie, Ali applique sa pens\u00e9e strat\u00e9gique \u00e0 l&rsquo;\u00e9valuation de la valeur r\u00e9elle des actifs et des projets et vise \u00e0 concentrer les ressources sur les op\u00e9rations \u00e0 haute valeur ajout\u00e9e avec fort potentiel de croissance.<\/p>\n\t\t\t\t\t\t\t\tVice-pr\u00e9sidente, comptes d&rsquo;entreprise<h2>Lisa Chin-A-Loy<\/h2>\n<p>En sa qualit\u00e9 de vice-pr\u00e9sidente, comptes d&rsquo;entreprise, Lisa Chin-A-Loy a pour mission d&rsquo;\u00e9tablir et d&rsquo;entretenir des relations avec nos entreprises clientes.\u00a0 Forte de plus de 30\u00a0ans d&rsquo;exp\u00e9rience dans les secteurs de la finance, de la location et de la technologie automobile, Lisa a accumul\u00e9 des connaissances approfondies qui lui permettent d&rsquo;offrir l&rsquo;excellence \u00e0 nos entreprises clientes.<\/p>\n\t\t\t\t\t\t\t\tPremier vice-pr\u00e9sident, strat\u00e9gie des donn\u00e9es <h2>Adam MacDonald<\/h2>\t\t\t\t\t\t\t\n\t\t\t\t\t\t\t\tVice-pr\u00e9sident principal, Op\u00e9rations TI<h2>Param Melarcode<\/h2>\n<p>Param apporte un esprit analytique aff\u00fbt\u00e9 et une approche rigoureuse de r\u00e9solution de probl\u00e8mes pour chaque d\u00e9fi \u00e0 surmonter. Avec plus de 25 ans d&rsquo;exp\u00e9rience mondiale en informatique dans divers secteurs, dont pr\u00e8s d&rsquo;une d\u00e9cennie dans le financement automobile, il offre une combinaison unique d&rsquo;expertise technologique et de perspicacit\u00e9 commerciale. Param se sp\u00e9cialise dans la conception et la mise en \u0153uvre de processus et de technologies innovants qui am\u00e9liorent l&rsquo;efficacit\u00e9 op\u00e9rationnelle et favorisent une am\u00e9lioration continue.<\/p>\n<p>En tant que vice-pr\u00e9sident directeur de l&rsquo;exploitation des technologies de l&rsquo;information, Param dirige une \u00e9quipe performante ax\u00e9e sur l&rsquo;optimisation des syst\u00e8mes d&rsquo;entreprise, l&rsquo;int\u00e9gration de plateformes de processus avanc\u00e9es et l&rsquo;incorporation fluide de nouveaux partenaires commerciaux. Son leadership garantit l&rsquo;alignement entre les capacit\u00e9s informatiques et les objectifs strat\u00e9giques de l&rsquo;entreprise, contribuant au succ\u00e8s organisationnel \u00e0 long terme.<\/p>\n\t\t\t\t\t\t\t\tVice-pr\u00e9sidente, produits et marketing<h2>Joanne Peddle<\/h2>\n<p>Dipl\u00f4m\u00e9e de l&rsquo;Automotive Business School of Canada, Joanne Peddle poss\u00e8de 15 ans d&rsquo;exp\u00e9rience dans l&rsquo;industrie automobile. Joanne est passionn\u00e9e par la cr\u00e9ation de produits que les gens adorent. Elle est fermement engag\u00e9e \u00e0 transformer l&rsquo;industrie automobile afin de permettre aux consommateurs de vivre une meilleure exp\u00e9rience. Elle aime apprendre et \u00e9voluer et s&rsquo;entoure de gens formidables! En 2018, Joanne est nomm\u00e9e au palmar\u00e8s d&rsquo;Automotive News des \u00ab Canadiens \u00e0 suivre \u00bb et en 2019, elle est r\u00e9cipiendaire du prix Women &amp; Automotive Profile in Leadership.<\/p>\n\t\t\t\t\t\t\t\tDirecteur, projets sp\u00e9ciaux<h2>Mike Pun<\/h2>\t\t\t\t\t\t\t\n\t\t<input type=\"hidden\" name=\"shortcode\" id=\"atb-shortcode\" value=3158\/>\n<h2  data-animation-delay=\"0\" data-animation-duration=\"1\">\n\t\t\tAimez-vous d\u00e9fier le statu quo? Repousser les limites du possible?\t<\/h2>\n\t\t\t<a href=\"https:\/\/dev.taqauto.com\/careers\/\" target=\"_self\">\n\t\t\t\t\t\t\tPossibilit\u00e9s de carri\u00e8re \n\t\t\t\t\t<\/a>\n\n","protected":false},"excerpt":{"rendered":"<p>Notre regard est tourn\u00e9 vers l&rsquo;avenir, un avenir que nous b\u00e2tissons. Bienvenue chez taq. Notre mission consiste \u00e0 repenser et&hellip;<\/p>\n","protected":false},"author":11,"featured_media":0,"parent":0,"menu_order":0,"comment_status":"closed","ping_status":"closed","template":"","meta":{"_acf_changed":false,"footnotes":""},"class_list":["post-702","page","type-page","status-publish","hentry"],"acf":[],"yoast_head":"<!-- This site is optimized with the Yoast SEO plugin v26.8 - https:\/\/yoast.com\/product\/yoast-seo-wordpress\/ -->\n<title>Qui nous sommes - taq<\/title>\n<meta name=\"robots\" content=\"index, follow, max-snippet:-1, max-image-preview:large, max-video-preview:-1\" \/>\n<link rel=\"canonical\" href=\"https:\/\/dev.taqauto.com\/fr\/who-we-are\/\" \/>\n<meta property=\"og:locale\" content=\"fr_CA\" \/>\n<meta property=\"og:type\" content=\"article\" \/>\n<meta property=\"og:title\" content=\"Qui nous sommes - taq\" \/>\n<meta property=\"og:description\" content=\"Notre regard est tourn\u00e9 vers l&rsquo;avenir, un avenir que nous b\u00e2tissons. Bienvenue chez taq. Notre mission consiste \u00e0 repenser et&hellip;\" \/>\n<meta property=\"og:url\" content=\"https:\/\/dev.taqauto.com\/fr\/who-we-are\/\" \/>\n<meta property=\"og:site_name\" content=\"taq\" \/>\n<meta property=\"article:modified_time\" content=\"2026-01-29T20:55:42+00:00\" \/>\n<meta property=\"og:image\" content=\"https:\/\/dev.taqauto.com\/wp-content\/uploads\/2025\/01\/Who_began.png\" \/>\n<meta name=\"twitter:card\" content=\"summary_large_image\" \/>\n<meta name=\"twitter:label1\" content=\"Estimation du temps de lecture\" \/>\n\t<meta name=\"twitter:data1\" content=\"11 minutes\" \/>\n<script type=\"application\/ld+json\" class=\"yoast-schema-graph\">{\"@context\":\"https:\/\/schema.org\",\"@graph\":[{\"@type\":\"WebPage\",\"@id\":\"https:\/\/dev.taqauto.com\/fr\/who-we-are\/\",\"url\":\"https:\/\/dev.taqauto.com\/fr\/who-we-are\/\",\"name\":\"Qui nous sommes - taq\",\"isPartOf\":{\"@id\":\"https:\/\/dev.taqauto.com\/fr\/#website\"},\"primaryImageOfPage\":{\"@id\":\"https:\/\/dev.taqauto.com\/fr\/who-we-are\/#primaryimage\"},\"image\":{\"@id\":\"https:\/\/dev.taqauto.com\/fr\/who-we-are\/#primaryimage\"},\"thumbnailUrl\":\"https:\/\/dev.taqauto.com\/wp-content\/uploads\/2025\/01\/Who_began.png\",\"datePublished\":\"2020-12-01T23:08:01+00:00\",\"dateModified\":\"2026-01-29T20:55:42+00:00\",\"breadcrumb\":{\"@id\":\"https:\/\/dev.taqauto.com\/fr\/who-we-are\/#breadcrumb\"},\"inLanguage\":\"fr-CA\",\"potentialAction\":[{\"@type\":\"ReadAction\",\"target\":[\"https:\/\/dev.taqauto.com\/fr\/who-we-are\/\"]}]},{\"@type\":\"ImageObject\",\"inLanguage\":\"fr-CA\",\"@id\":\"https:\/\/dev.taqauto.com\/fr\/who-we-are\/#primaryimage\",\"url\":\"https:\/\/dev.taqauto.com\/wp-content\/uploads\/2025\/01\/Who_began.png\",\"contentUrl\":\"https:\/\/dev.taqauto.com\/wp-content\/uploads\/2025\/01\/Who_began.png\"},{\"@type\":\"BreadcrumbList\",\"@id\":\"https:\/\/dev.taqauto.com\/fr\/who-we-are\/#breadcrumb\",\"itemListElement\":[{\"@type\":\"ListItem\",\"position\":1,\"name\":\"Home\",\"item\":\"https:\/\/dev.taqauto.com\/fr\/\"},{\"@type\":\"ListItem\",\"position\":2,\"name\":\"Qui nous sommes\"}]},{\"@type\":\"WebSite\",\"@id\":\"https:\/\/dev.taqauto.com\/fr\/#website\",\"url\":\"https:\/\/dev.taqauto.com\/fr\/\",\"name\":\"taq\",\"description\":\"We\u2019re creating a smarter way to sell cars.\",\"potentialAction\":[{\"@type\":\"SearchAction\",\"target\":{\"@type\":\"EntryPoint\",\"urlTemplate\":\"https:\/\/dev.taqauto.com\/fr\/?s={search_term_string}\"},\"query-input\":{\"@type\":\"PropertyValueSpecification\",\"valueRequired\":true,\"valueName\":\"search_term_string\"}}],\"inLanguage\":\"fr-CA\"}]}<\/script>\n<!-- \/ Yoast SEO plugin. -->","yoast_head_json":{"title":"Qui nous sommes - taq","robots":{"index":"index","follow":"follow","max-snippet":"max-snippet:-1","max-image-preview":"max-image-preview:large","max-video-preview":"max-video-preview:-1"},"canonical":"https:\/\/dev.taqauto.com\/fr\/who-we-are\/","og_locale":"fr_CA","og_type":"article","og_title":"Qui nous sommes - taq","og_description":"Notre regard est tourn\u00e9 vers l&rsquo;avenir, un avenir que nous b\u00e2tissons. Bienvenue chez taq. Notre mission consiste \u00e0 repenser et&hellip;","og_url":"https:\/\/dev.taqauto.com\/fr\/who-we-are\/","og_site_name":"taq","article_modified_time":"2026-01-29T20:55:42+00:00","og_image":[{"url":"https:\/\/dev.taqauto.com\/wp-content\/uploads\/2025\/01\/Who_began.png","type":"","width":"","height":""}],"twitter_card":"summary_large_image","twitter_misc":{"Estimation du temps de lecture":"11 minutes"},"schema":{"@context":"https:\/\/schema.org","@graph":[{"@type":"WebPage","@id":"https:\/\/dev.taqauto.com\/fr\/who-we-are\/","url":"https:\/\/dev.taqauto.com\/fr\/who-we-are\/","name":"Qui nous sommes - taq","isPartOf":{"@id":"https:\/\/dev.taqauto.com\/fr\/#website"},"primaryImageOfPage":{"@id":"https:\/\/dev.taqauto.com\/fr\/who-we-are\/#primaryimage"},"image":{"@id":"https:\/\/dev.taqauto.com\/fr\/who-we-are\/#primaryimage"},"thumbnailUrl":"https:\/\/dev.taqauto.com\/wp-content\/uploads\/2025\/01\/Who_began.png","datePublished":"2020-12-01T23:08:01+00:00","dateModified":"2026-01-29T20:55:42+00:00","breadcrumb":{"@id":"https:\/\/dev.taqauto.com\/fr\/who-we-are\/#breadcrumb"},"inLanguage":"fr-CA","potentialAction":[{"@type":"ReadAction","target":["https:\/\/dev.taqauto.com\/fr\/who-we-are\/"]}]},{"@type":"ImageObject","inLanguage":"fr-CA","@id":"https:\/\/dev.taqauto.com\/fr\/who-we-are\/#primaryimage","url":"https:\/\/dev.taqauto.com\/wp-content\/uploads\/2025\/01\/Who_began.png","contentUrl":"https:\/\/dev.taqauto.com\/wp-content\/uploads\/2025\/01\/Who_began.png"},{"@type":"BreadcrumbList","@id":"https:\/\/dev.taqauto.com\/fr\/who-we-are\/#breadcrumb","itemListElement":[{"@type":"ListItem","position":1,"name":"Home","item":"https:\/\/dev.taqauto.com\/fr\/"},{"@type":"ListItem","position":2,"name":"Qui nous sommes"}]},{"@type":"WebSite","@id":"https:\/\/dev.taqauto.com\/fr\/#website","url":"https:\/\/dev.taqauto.com\/fr\/","name":"taq","description":"We\u2019re creating a smarter way to sell cars.","potentialAction":[{"@type":"SearchAction","target":{"@type":"EntryPoint","urlTemplate":"https:\/\/dev.taqauto.com\/fr\/?s={search_term_string}"},"query-input":{"@type":"PropertyValueSpecification","valueRequired":true,"valueName":"search_term_string"}}],"inLanguage":"fr-CA"}]}},"_links":{"self":[{"href":"https:\/\/dev.taqauto.com\/fr\/wp-json\/wp\/v2\/pages\/702","targetHints":{"allow":["GET"]}}],"collection":[{"href":"https:\/\/dev.taqauto.com\/fr\/wp-json\/wp\/v2\/pages"}],"about":[{"href":"https:\/\/dev.taqauto.com\/fr\/wp-json\/wp\/v2\/types\/page"}],"author":[{"embeddable":true,"href":"https:\/\/dev.taqauto.com\/fr\/wp-json\/wp\/v2\/users\/11"}],"replies":[{"embeddable":true,"href":"https:\/\/dev.taqauto.com\/fr\/wp-json\/wp\/v2\/comments?post=702"}],"version-history":[{"count":3,"href":"https:\/\/dev.taqauto.com\/fr\/wp-json\/wp\/v2\/pages\/702\/revisions"}],"predecessor-version":[{"id":4182,"href":"https:\/\/dev.taqauto.com\/fr\/wp-json\/wp\/v2\/pages\/702\/revisions\/4182"}],"wp:attachment":[{"href":"https:\/\/dev.taqauto.com\/fr\/wp-json\/wp\/v2\/media?parent=702"}],"curies":[{"name":"wp","href":"https:\/\/api.w.org\/{rel}","templated":true}]}}