{"id":736,"date":"2020-12-02T14:35:42","date_gmt":"2020-12-02T19:35:42","guid":{"rendered":"https:\/\/dev.taqauto.com\/?page_id=736"},"modified":"2025-01-09T09:50:06","modified_gmt":"2025-01-09T14:50:06","slug":"careers","status":"publish","type":"page","link":"https:\/\/dev.taqauto.com\/fr\/careers\/","title":{"rendered":"Carri\u00e8re"},"content":{"rendered":"\n<h2>\n\t\tAimez-vous d\u00e9fier le statu quo?\n\t<\/h2>\n<h2>\n\t\tRepousser les limites du possible?\n\t<\/h2>\n\t<p>\u00cates-vous fier de votre sens de l&rsquo;engagement, de votre t\u00e9nacit\u00e9 dans la qu\u00eate d&rsquo;une meilleure exp\u00e9rience? Dans l&rsquo;affirmative, vous \u00eates exactement la personne dynamique qui convient \u00e0 notre \u00e9quipe.<\/p>\n\t<p>Nous cherchons des personnes qualifi\u00e9es et novatrices qui veulent se joindre \u00e0 l&rsquo;\u00e9quipe qui s&rsquo;appr\u00eate \u00e0 transformer l&rsquo;industrie automobile. M\u00eame si nous n&rsquo;avons pas de poste \u00e0 pourvoir, vous pouvez quand m\u00eame nous faire parvenir votre candidature.<\/p>\n<p>taq offre aux employ\u00e9s un salaire concurrentiel, des avantages sociaux complets et un milieu qui favorise le travail d&rsquo;\u00e9quipe et l&rsquo;esprit d&rsquo;entreprise.<\/p>\n\t\t\t<a href=\"https:\/\/can232.dayforcehcm.com\/CandidatePortal\/fr-US\/scigroup\/Site\/CANDIDATEPORTALTAQ\" target=\"_self\" role=\"button\" rel=\"noopener\">\n\t\t\t\t\t\t\tVoir les offres d&#8217;emploi actuelles\n\t\t\t\t\t<\/a>\n<h2>\n\t\ttaq offre aussi :\n\t<\/h2>\n\t<ul>\n<li>un lieu de travail agr\u00e9able et \u00e9nergique;<\/li>\n<li>une fibre entrepreneuriale ouverte aux id\u00e9es et qui encourage le partage des succ\u00e8s;<\/li>\n<li>un ensemble complet d&rsquo;avantages m\u00e9dicaux et de soins dentaires;<\/li>\n<li>un programme de mise en forme soutenu par l&rsquo;entreprise pour tous les membres de l&rsquo;\u00e9quipe;<\/li>\n<li>des occasions de d\u00e9veloppement de carri\u00e8re;<\/li>\n<li>un horaire variable;<\/li>\n<li>un environnement de travail \u00e0 aire ouverte; et<\/li>\n<li>des bureaux \u00e0 Markham avec acc\u00e8s facile \u00e0 la 407 et la 404.<\/li>\n<\/ul>\n\tDites-nous si vous \u00eates int\u00e9ress\u00e9 \u00e0 joindre les rangs de notre \u00e9quipe dynamique.<br \/>\nNous aimerions vous rencontrer. <a href=\"mailto:HR@taqauto.com\">HR@taqauto.com<\/a>\n\t<p>taq offre aux employ\u00e9s un salaire concurrentiel, des avantages sociaux complets et un milieu qui favorise le travail d&rsquo;\u00e9quipe et l&rsquo;esprit d&rsquo;entreprise. Nous remercions tous les candidats de leur int\u00e9r\u00eat. Notez que nous communiquerons uniquement avec les candidats qui seront convoqu\u00e9s pour une entrevue.<\/p>\n\t\t\t<a href=\"https:\/\/can232.dayforcehcm.com\/CandidatePortal\/fr-US\/scigroup\/Site\/CANDIDATEPORTALTAQ\" target=\"_self\" role=\"button\" rel=\"noopener\">\n\t\t\t\t\t\t\tVoir les offres d&#8217;emploi actuelles\n\t\t\t\t\t<\/a>\n\n","protected":false},"excerpt":{"rendered":"<p>Aimez-vous d\u00e9fier le statu quo? Repousser les limites du possible? \u00cates-vous fier de votre sens de l&rsquo;engagement, de votre t\u00e9nacit\u00e9&hellip;<\/p>\n","protected":false},"author":11,"featured_media":0,"parent":0,"menu_order":0,"comment_status":"closed","ping_status":"closed","template":"","meta":{"_acf_changed":false,"footnotes":""},"class_list":["post-736","page","type-page","status-publish","hentry"],"acf":[],"yoast_head":"<!-- This site is optimized with the Yoast SEO plugin v26.8 - https:\/\/yoast.com\/product\/yoast-seo-wordpress\/ -->\n<title>Carri\u00e8re - taq Automotive Intelligence<\/title>\n<meta name=\"robots\" content=\"index, follow, max-snippet:-1, max-image-preview:large, max-video-preview:-1\" \/>\n<link rel=\"canonical\" href=\"https:\/\/dev.taqauto.com\/fr\/careers\/\" \/>\n<meta property=\"og:locale\" content=\"fr_CA\" \/>\n<meta property=\"og:type\" content=\"article\" \/>\n<meta property=\"og:title\" content=\"Carri\u00e8re - taq Automotive Intelligence\" \/>\n<meta property=\"og:description\" content=\"Aimez-vous d\u00e9fier le statu quo? Repousser les limites du possible? \u00cates-vous fier de votre sens de l&rsquo;engagement, de votre t\u00e9nacit\u00e9&hellip;\" \/>\n<meta property=\"og:url\" content=\"https:\/\/dev.taqauto.com\/fr\/careers\/\" \/>\n<meta property=\"og:site_name\" content=\"taq\" \/>\n<meta property=\"article:modified_time\" content=\"2025-01-09T14:50:06+00:00\" \/>\n<meta name=\"twitter:card\" content=\"summary_large_image\" \/>\n<meta name=\"twitter:label1\" content=\"Estimation du temps de lecture\" \/>\n\t<meta name=\"twitter:data1\" content=\"2 minutes\" \/>\n<script type=\"application\/ld+json\" class=\"yoast-schema-graph\">{\"@context\":\"https:\/\/schema.org\",\"@graph\":[{\"@type\":\"WebPage\",\"@id\":\"https:\/\/dev.taqauto.com\/fr\/careers\/\",\"url\":\"https:\/\/dev.taqauto.com\/fr\/careers\/\",\"name\":\"Carri\u00e8re - taq Automotive Intelligence\",\"isPartOf\":{\"@id\":\"https:\/\/dev.taqauto.com\/fr\/#website\"},\"datePublished\":\"2020-12-02T19:35:42+00:00\",\"dateModified\":\"2025-01-09T14:50:06+00:00\",\"breadcrumb\":{\"@id\":\"https:\/\/dev.taqauto.com\/fr\/careers\/#breadcrumb\"},\"inLanguage\":\"fr-CA\",\"potentialAction\":[{\"@type\":\"ReadAction\",\"target\":[\"https:\/\/dev.taqauto.com\/fr\/careers\/\"]}]},{\"@type\":\"BreadcrumbList\",\"@id\":\"https:\/\/dev.taqauto.com\/fr\/careers\/#breadcrumb\",\"itemListElement\":[{\"@type\":\"ListItem\",\"position\":1,\"name\":\"Home\",\"item\":\"https:\/\/dev.taqauto.com\/fr\/\"},{\"@type\":\"ListItem\",\"position\":2,\"name\":\"Carri\u00e8re\"}]},{\"@type\":\"WebSite\",\"@id\":\"https:\/\/dev.taqauto.com\/fr\/#website\",\"url\":\"https:\/\/dev.taqauto.com\/fr\/\",\"name\":\"taq\",\"description\":\"We\u2019re creating a smarter way to sell cars.\",\"potentialAction\":[{\"@type\":\"SearchAction\",\"target\":{\"@type\":\"EntryPoint\",\"urlTemplate\":\"https:\/\/dev.taqauto.com\/fr\/?s={search_term_string}\"},\"query-input\":{\"@type\":\"PropertyValueSpecification\",\"valueRequired\":true,\"valueName\":\"search_term_string\"}}],\"inLanguage\":\"fr-CA\"}]}<\/script>\n<!-- \/ Yoast SEO plugin. -->","yoast_head_json":{"title":"Carri\u00e8re - taq Automotive Intelligence","robots":{"index":"index","follow":"follow","max-snippet":"max-snippet:-1","max-image-preview":"max-image-preview:large","max-video-preview":"max-video-preview:-1"},"canonical":"https:\/\/dev.taqauto.com\/fr\/careers\/","og_locale":"fr_CA","og_type":"article","og_title":"Carri\u00e8re - taq Automotive Intelligence","og_description":"Aimez-vous d\u00e9fier le statu quo? Repousser les limites du possible? \u00cates-vous fier de votre sens de l&rsquo;engagement, de votre t\u00e9nacit\u00e9&hellip;","og_url":"https:\/\/dev.taqauto.com\/fr\/careers\/","og_site_name":"taq","article_modified_time":"2025-01-09T14:50:06+00:00","twitter_card":"summary_large_image","twitter_misc":{"Estimation du temps de lecture":"2 minutes"},"schema":{"@context":"https:\/\/schema.org","@graph":[{"@type":"WebPage","@id":"https:\/\/dev.taqauto.com\/fr\/careers\/","url":"https:\/\/dev.taqauto.com\/fr\/careers\/","name":"Carri\u00e8re - taq Automotive Intelligence","isPartOf":{"@id":"https:\/\/dev.taqauto.com\/fr\/#website"},"datePublished":"2020-12-02T19:35:42+00:00","dateModified":"2025-01-09T14:50:06+00:00","breadcrumb":{"@id":"https:\/\/dev.taqauto.com\/fr\/careers\/#breadcrumb"},"inLanguage":"fr-CA","potentialAction":[{"@type":"ReadAction","target":["https:\/\/dev.taqauto.com\/fr\/careers\/"]}]},{"@type":"BreadcrumbList","@id":"https:\/\/dev.taqauto.com\/fr\/careers\/#breadcrumb","itemListElement":[{"@type":"ListItem","position":1,"name":"Home","item":"https:\/\/dev.taqauto.com\/fr\/"},{"@type":"ListItem","position":2,"name":"Carri\u00e8re"}]},{"@type":"WebSite","@id":"https:\/\/dev.taqauto.com\/fr\/#website","url":"https:\/\/dev.taqauto.com\/fr\/","name":"taq","description":"We\u2019re creating a smarter way to sell cars.","potentialAction":[{"@type":"SearchAction","target":{"@type":"EntryPoint","urlTemplate":"https:\/\/dev.taqauto.com\/fr\/?s={search_term_string}"},"query-input":{"@type":"PropertyValueSpecification","valueRequired":true,"valueName":"search_term_string"}}],"inLanguage":"fr-CA"}]}},"_links":{"self":[{"href":"https:\/\/dev.taqauto.com\/fr\/wp-json\/wp\/v2\/pages\/736","targetHints":{"allow":["GET"]}}],"collection":[{"href":"https:\/\/dev.taqauto.com\/fr\/wp-json\/wp\/v2\/pages"}],"about":[{"href":"https:\/\/dev.taqauto.com\/fr\/wp-json\/wp\/v2\/types\/page"}],"author":[{"embeddable":true,"href":"https:\/\/dev.taqauto.com\/fr\/wp-json\/wp\/v2\/users\/11"}],"replies":[{"embeddable":true,"href":"https:\/\/dev.taqauto.com\/fr\/wp-json\/wp\/v2\/comments?post=736"}],"version-history":[{"count":0,"href":"https:\/\/dev.taqauto.com\/fr\/wp-json\/wp\/v2\/pages\/736\/revisions"}],"wp:attachment":[{"href":"https:\/\/dev.taqauto.com\/fr\/wp-json\/wp\/v2\/media?parent=736"}],"curies":[{"name":"wp","href":"https:\/\/api.w.org\/{rel}","templated":true}]}}