{"id":755,"date":"2020-12-02T14:56:16","date_gmt":"2020-12-02T19:56:16","guid":{"rendered":"https:\/\/dev.taqauto.com\/?page_id=755"},"modified":"2025-01-15T14:50:44","modified_gmt":"2025-01-15T19:50:44","slug":"support","status":"publish","type":"page","link":"https:\/\/dev.taqauto.com\/fr\/support\/","title":{"rendered":"Soutien"},"content":{"rendered":"\n<h1>\n\t\tSoutien\n\t<\/h1>\n\t<p>Nous pouvons aider.<\/p>\n<h2>\n\t\tVous avez un compte taq? \n\t<\/h2>\n\t\t\t<a href=\"http:\/\/one.taqauto.com\/\" target=\"_blank\" role=\"button\" rel=\"noopener\">\n\t\t\t\t\t\t\tConnexion\n\t\t\t\t\t<\/a>\n\t\t\t\t<img loading=\"lazy\" decoding=\"async\" src=\"https:\/\/dev.taqauto.com\/wp-content\/uploads\/2020\/11\/Line-129.png\" alt=\"Line 129\" itemprop=\"image\" height=\"317\" width=\"6\" title=\"Line 129\" onerror=\"this.style.display='none'\">\n<h2>\n\t\tCommuniquez avec un sp\u00e9cialiste du soutien \u00e0 la client\u00e8le\n\t<\/h2>\n\t<p>T\u00e9l\u00e9phone : 1-888-919-8084<\/p>\n<p>Courriel : <a href=\"mailto:support@taqauto.com\">support@taqauto.com<\/a><\/p>\n","protected":false},"excerpt":{"rendered":"<p>Soutien Nous pouvons aider. Vous avez un compte taq? Connexion Communiquez avec un sp\u00e9cialiste du soutien \u00e0 la client\u00e8le T\u00e9l\u00e9phone&hellip;<\/p>\n","protected":false},"author":11,"featured_media":0,"parent":0,"menu_order":0,"comment_status":"closed","ping_status":"closed","template":"","meta":{"_acf_changed":false,"footnotes":""},"class_list":["post-755","page","type-page","status-publish","hentry"],"acf":[],"yoast_head":"<!-- This site is optimized with the Yoast SEO plugin v26.8 - https:\/\/yoast.com\/product\/yoast-seo-wordpress\/ -->\n<title>Soutien - taq Automotive Intelligence<\/title>\n<meta name=\"robots\" content=\"index, follow, max-snippet:-1, max-image-preview:large, max-video-preview:-1\" \/>\n<link rel=\"canonical\" href=\"https:\/\/dev.taqauto.com\/fr\/support\/\" \/>\n<meta property=\"og:locale\" content=\"fr_CA\" \/>\n<meta property=\"og:type\" content=\"article\" \/>\n<meta property=\"og:title\" content=\"Soutien - taq Automotive Intelligence\" \/>\n<meta property=\"og:description\" content=\"Soutien Nous pouvons aider. Vous avez un compte taq? Connexion Communiquez avec un sp\u00e9cialiste du soutien \u00e0 la client\u00e8le T\u00e9l\u00e9phone&hellip;\" \/>\n<meta property=\"og:url\" content=\"https:\/\/dev.taqauto.com\/fr\/support\/\" \/>\n<meta property=\"og:site_name\" content=\"taq\" \/>\n<meta property=\"article:modified_time\" content=\"2025-01-15T19:50:44+00:00\" \/>\n<meta property=\"og:image\" content=\"https:\/\/dev.taqauto.com\/wp-content\/uploads\/2020\/11\/Line-129.png\" \/>\n<meta name=\"twitter:card\" content=\"summary_large_image\" \/>\n<script type=\"application\/ld+json\" class=\"yoast-schema-graph\">{\"@context\":\"https:\/\/schema.org\",\"@graph\":[{\"@type\":\"WebPage\",\"@id\":\"https:\/\/dev.taqauto.com\/fr\/support\/\",\"url\":\"https:\/\/dev.taqauto.com\/fr\/support\/\",\"name\":\"Soutien - taq Automotive Intelligence\",\"isPartOf\":{\"@id\":\"https:\/\/dev.taqauto.com\/fr\/#website\"},\"primaryImageOfPage\":{\"@id\":\"https:\/\/dev.taqauto.com\/fr\/support\/#primaryimage\"},\"image\":{\"@id\":\"https:\/\/dev.taqauto.com\/fr\/support\/#primaryimage\"},\"thumbnailUrl\":\"https:\/\/dev.taqauto.com\/wp-content\/uploads\/2020\/11\/Line-129.png\",\"datePublished\":\"2020-12-02T19:56:16+00:00\",\"dateModified\":\"2025-01-15T19:50:44+00:00\",\"breadcrumb\":{\"@id\":\"https:\/\/dev.taqauto.com\/fr\/support\/#breadcrumb\"},\"inLanguage\":\"fr-CA\",\"potentialAction\":[{\"@type\":\"ReadAction\",\"target\":[\"https:\/\/dev.taqauto.com\/fr\/support\/\"]}]},{\"@type\":\"ImageObject\",\"inLanguage\":\"fr-CA\",\"@id\":\"https:\/\/dev.taqauto.com\/fr\/support\/#primaryimage\",\"url\":\"https:\/\/dev.taqauto.com\/wp-content\/uploads\/2020\/11\/Line-129.png\",\"contentUrl\":\"https:\/\/dev.taqauto.com\/wp-content\/uploads\/2020\/11\/Line-129.png\"},{\"@type\":\"BreadcrumbList\",\"@id\":\"https:\/\/dev.taqauto.com\/fr\/support\/#breadcrumb\",\"itemListElement\":[{\"@type\":\"ListItem\",\"position\":1,\"name\":\"Home\",\"item\":\"https:\/\/dev.taqauto.com\/fr\/\"},{\"@type\":\"ListItem\",\"position\":2,\"name\":\"Soutien\"}]},{\"@type\":\"WebSite\",\"@id\":\"https:\/\/dev.taqauto.com\/fr\/#website\",\"url\":\"https:\/\/dev.taqauto.com\/fr\/\",\"name\":\"taq\",\"description\":\"We\u2019re creating a smarter way to sell cars.\",\"potentialAction\":[{\"@type\":\"SearchAction\",\"target\":{\"@type\":\"EntryPoint\",\"urlTemplate\":\"https:\/\/dev.taqauto.com\/fr\/?s={search_term_string}\"},\"query-input\":{\"@type\":\"PropertyValueSpecification\",\"valueRequired\":true,\"valueName\":\"search_term_string\"}}],\"inLanguage\":\"fr-CA\"}]}<\/script>\n<!-- \/ Yoast SEO plugin. -->","yoast_head_json":{"title":"Soutien - taq Automotive Intelligence","robots":{"index":"index","follow":"follow","max-snippet":"max-snippet:-1","max-image-preview":"max-image-preview:large","max-video-preview":"max-video-preview:-1"},"canonical":"https:\/\/dev.taqauto.com\/fr\/support\/","og_locale":"fr_CA","og_type":"article","og_title":"Soutien - taq Automotive Intelligence","og_description":"Soutien Nous pouvons aider. Vous avez un compte taq? Connexion Communiquez avec un sp\u00e9cialiste du soutien \u00e0 la client\u00e8le T\u00e9l\u00e9phone&hellip;","og_url":"https:\/\/dev.taqauto.com\/fr\/support\/","og_site_name":"taq","article_modified_time":"2025-01-15T19:50:44+00:00","og_image":[{"url":"https:\/\/dev.taqauto.com\/wp-content\/uploads\/2020\/11\/Line-129.png","type":"","width":"","height":""}],"twitter_card":"summary_large_image","schema":{"@context":"https:\/\/schema.org","@graph":[{"@type":"WebPage","@id":"https:\/\/dev.taqauto.com\/fr\/support\/","url":"https:\/\/dev.taqauto.com\/fr\/support\/","name":"Soutien - taq Automotive Intelligence","isPartOf":{"@id":"https:\/\/dev.taqauto.com\/fr\/#website"},"primaryImageOfPage":{"@id":"https:\/\/dev.taqauto.com\/fr\/support\/#primaryimage"},"image":{"@id":"https:\/\/dev.taqauto.com\/fr\/support\/#primaryimage"},"thumbnailUrl":"https:\/\/dev.taqauto.com\/wp-content\/uploads\/2020\/11\/Line-129.png","datePublished":"2020-12-02T19:56:16+00:00","dateModified":"2025-01-15T19:50:44+00:00","breadcrumb":{"@id":"https:\/\/dev.taqauto.com\/fr\/support\/#breadcrumb"},"inLanguage":"fr-CA","potentialAction":[{"@type":"ReadAction","target":["https:\/\/dev.taqauto.com\/fr\/support\/"]}]},{"@type":"ImageObject","inLanguage":"fr-CA","@id":"https:\/\/dev.taqauto.com\/fr\/support\/#primaryimage","url":"https:\/\/dev.taqauto.com\/wp-content\/uploads\/2020\/11\/Line-129.png","contentUrl":"https:\/\/dev.taqauto.com\/wp-content\/uploads\/2020\/11\/Line-129.png"},{"@type":"BreadcrumbList","@id":"https:\/\/dev.taqauto.com\/fr\/support\/#breadcrumb","itemListElement":[{"@type":"ListItem","position":1,"name":"Home","item":"https:\/\/dev.taqauto.com\/fr\/"},{"@type":"ListItem","position":2,"name":"Soutien"}]},{"@type":"WebSite","@id":"https:\/\/dev.taqauto.com\/fr\/#website","url":"https:\/\/dev.taqauto.com\/fr\/","name":"taq","description":"We\u2019re creating a smarter way to sell cars.","potentialAction":[{"@type":"SearchAction","target":{"@type":"EntryPoint","urlTemplate":"https:\/\/dev.taqauto.com\/fr\/?s={search_term_string}"},"query-input":{"@type":"PropertyValueSpecification","valueRequired":true,"valueName":"search_term_string"}}],"inLanguage":"fr-CA"}]}},"_links":{"self":[{"href":"https:\/\/dev.taqauto.com\/fr\/wp-json\/wp\/v2\/pages\/755","targetHints":{"allow":["GET"]}}],"collection":[{"href":"https:\/\/dev.taqauto.com\/fr\/wp-json\/wp\/v2\/pages"}],"about":[{"href":"https:\/\/dev.taqauto.com\/fr\/wp-json\/wp\/v2\/types\/page"}],"author":[{"embeddable":true,"href":"https:\/\/dev.taqauto.com\/fr\/wp-json\/wp\/v2\/users\/11"}],"replies":[{"embeddable":true,"href":"https:\/\/dev.taqauto.com\/fr\/wp-json\/wp\/v2\/comments?post=755"}],"version-history":[{"count":0,"href":"https:\/\/dev.taqauto.com\/fr\/wp-json\/wp\/v2\/pages\/755\/revisions"}],"wp:attachment":[{"href":"https:\/\/dev.taqauto.com\/fr\/wp-json\/wp\/v2\/media?parent=755"}],"curies":[{"name":"wp","href":"https:\/\/api.w.org\/{rel}","templated":true}]}}